{"id":1502,"date":"2023-10-02T13:27:25","date_gmt":"2023-10-02T13:27:25","guid":{"rendered":"https:\/\/evaria.es\/hogares\/?page_id=1502"},"modified":"2023-10-04T10:21:04","modified_gmt":"2023-10-04T10:21:04","slug":"instala-tus-placas-solares","status":"publish","type":"page","link":"https:\/\/evaria.es\/hogares\/instala-tus-placas-solares\/","title":{"rendered":"Instala tus Placas Solares"},"content":{"rendered":"\t\t<div data-elementor-type=\"wp-page\" data-elementor-id=\"1502\" class=\"elementor elementor-1502\" data-elementor-post-type=\"page\">\n\t\t\t\t<div class=\"elementor-element elementor-element-402d72d e-con-full e-flex e-con e-parent\" data-id=\"402d72d\" data-element_type=\"container\" data-e-type=\"container\" data-settings=\"{&quot;background_background&quot;:&quot;classic&quot;}\">\n\t\t<div class=\"elementor-element elementor-element-db3ecfc e-con-full e-flex e-con e-child\" data-id=\"db3ecfc\" data-element_type=\"container\" data-e-type=\"container\" data-settings=\"{&quot;background_background&quot;:&quot;classic&quot;}\">\n\t\t<div class=\"elementor-element elementor-element-cc316de e-con-full e-flex e-con e-child\" data-id=\"cc316de\" data-element_type=\"container\" data-e-type=\"container\">\n\t\t\t\t<div class=\"elementor-element elementor-element-1510ad0 elementor-widget__width-initial elementor-widget elementor-widget-heading\" data-id=\"1510ad0\" data-element_type=\"widget\" data-e-type=\"widget\" data-widget_type=\"heading.default\">\n\t\t\t\t<div class=\"elementor-widget-container\">\n\t\t\t\t\t<h2 class=\"elementor-heading-title elementor-size-default\">Instala tus Placas Solares<\/h2>\t\t\t\t<\/div>\n\t\t\t\t<\/div>\n\t\t\t\t<\/div>\n\t\t<div class=\"elementor-element elementor-element-4bcd9fa e-con-full e-flex e-con e-child\" data-id=\"4bcd9fa\" data-element_type=\"container\" data-e-type=\"container\">\n\t\t\t\t<div class=\"elementor-element elementor-element-2c09c97 elementor-widget-mobile__width-initial elementor-widget elementor-widget-heading\" data-id=\"2c09c97\" data-element_type=\"widget\" data-e-type=\"widget\" data-widget_type=\"heading.default\">\n\t\t\t\t<div class=\"elementor-widget-container\">\n\t\t\t\t\t<h1 class=\"elementor-heading-title elementor-size-default\"> Instala tus Placas Solares<\/h1>\t\t\t\t<\/div>\n\t\t\t\t<\/div>\n\t\t\t\t<div class=\"elementor-element elementor-element-7f4aee3 elementor-widget-mobile__width-inherit elementor-widget elementor-widget-heading\" data-id=\"7f4aee3\" data-element_type=\"widget\" data-e-type=\"widget\" data-widget_type=\"heading.default\">\n\t\t\t\t<div class=\"elementor-widget-container\">\n\t\t\t\t\t<p class=\"elementor-heading-title elementor-size-default\">Despreoc\u00fapate y disfruta de la energ\u00eda solar sin complicaciones<br>\n<br>Sin inversi\u00f3n inicial<br>\nGestionamos tus subvenciones<br>\nProyectos llave en mano\n<\/p>\t\t\t\t<\/div>\n\t\t\t\t<\/div>\n\t\t\t\t<div class=\"elementor-element elementor-element-246034e animated-fast elementor-widget-mobile__width-inherit elementor-invisible elementor-widget elementor-widget-button\" data-id=\"246034e\" data-element_type=\"widget\" data-e-type=\"widget\" data-settings=\"{&quot;_animation&quot;:&quot;fadeIn&quot;}\" data-widget_type=\"button.default\">\n\t\t\t\t<div class=\"elementor-widget-container\">\n\t\t\t\t\t\t\t\t\t<div class=\"elementor-button-wrapper\">\n\t\t\t\t\t<a class=\"elementor-button elementor-button-link elementor-size-sm\" href=\"#elementor-action%3Aaction%3Dpopup%3Aopen%26settings%3DeyJpZCI6IjE0NDYiLCJ0b2dnbGUiOmZhbHNlfQ%3D%3D\">\n\t\t\t\t\t\t<span class=\"elementor-button-content-wrapper\">\n\t\t\t\t\t\t\t\t\t<span class=\"elementor-button-text\">Contratar <\/span>\n\t\t\t\t\t<\/span>\n\t\t\t\t\t<\/a>\n\t\t\t\t<\/div>\n\t\t\t\t\t\t\t\t<\/div>\n\t\t\t\t<\/div>\n\t\t\t\t<\/div>\n\t\t<div class=\"elementor-element elementor-element-5f04d00 e-con-full e-flex e-con e-child\" data-id=\"5f04d00\" data-element_type=\"container\" data-e-type=\"container\" data-settings=\"{&quot;background_background&quot;:&quot;classic&quot;}\">\n\t\t\t\t<div class=\"elementor-element elementor-element-0500cef elementor-widget__width-initial elementor-invisible elementor-widget elementor-widget-text-editor\" data-id=\"0500cef\" data-element_type=\"widget\" data-e-type=\"widget\" data-settings=\"{&quot;_animation&quot;:&quot;fadeIn&quot;}\" data-widget_type=\"text-editor.default\">\n\t\t\t\t<div class=\"elementor-widget-container\">\n\t\t\t\t\t\t\t\t\t<p>La energ\u00eda que buscas con el asesoramiento que mereces.<\/p>\t\t\t\t\t\t\t\t<\/div>\n\t\t\t\t<\/div>\n\t\t\t\t<\/div>\n\t\t\t\t<\/div>\n\t\t\t\t<\/div>\n\t\t<div class=\"elementor-element elementor-element-a377bdb e-con-full e-flex e-con e-parent\" data-id=\"a377bdb\" data-element_type=\"container\" data-e-type=\"container\" data-settings=\"{&quot;background_background&quot;:&quot;classic&quot;}\">\n\t\t<div class=\"elementor-element elementor-element-b391fc7 e-con-full e-flex e-con e-child\" data-id=\"b391fc7\" data-element_type=\"container\" data-e-type=\"container\" data-settings=\"{&quot;background_background&quot;:&quot;classic&quot;}\">\n\t\t\t\t<div class=\"elementor-element elementor-element-aaefe17 elementor-widget__width-initial elementor-invisible elementor-widget elementor-widget-heading\" data-id=\"aaefe17\" data-element_type=\"widget\" data-e-type=\"widget\" data-settings=\"{&quot;_animation&quot;:&quot;fadeIn&quot;}\" data-widget_type=\"heading.default\">\n\t\t\t\t<div class=\"elementor-widget-container\">\n\t\t\t\t\t<h2 class=\"elementor-heading-title elementor-size-default\">\nPor qu\u00e9 instalar tus placas solares\n<\/h2>\t\t\t\t<\/div>\n\t\t\t\t<\/div>\n\t\t\t\t<div class=\"elementor-element elementor-element-4241f10 elementor-widget elementor-widget-spacer\" data-id=\"4241f10\" data-element_type=\"widget\" data-e-type=\"widget\" data-widget_type=\"spacer.default\">\n\t\t\t\t<div class=\"elementor-widget-container\">\n\t\t\t\t\t\t\t<div class=\"elementor-spacer\">\n\t\t\t<div class=\"elementor-spacer-inner\"><\/div>\n\t\t<\/div>\n\t\t\t\t\t\t<\/div>\n\t\t\t\t<\/div>\n\t\t<div class=\"elementor-element elementor-element-10de0a7 e-con-full e-flex e-con e-child\" data-id=\"10de0a7\" data-element_type=\"container\" data-e-type=\"container\">\n\t\t<div class=\"elementor-element elementor-element-b3d643c e-con-full e-flex elementor-invisible e-con e-child\" data-id=\"b3d643c\" data-element_type=\"container\" data-e-type=\"container\" data-settings=\"{&quot;background_background&quot;:&quot;classic&quot;,&quot;animation&quot;:&quot;fadeIn&quot;,&quot;animation_delay&quot;:&quot;150&quot;}\">\n\t\t\t\t<div class=\"elementor-element elementor-element-86c4fe7 elementor-widget-mobile__width-initial elementor-widget elementor-widget-heading\" data-id=\"86c4fe7\" data-element_type=\"widget\" data-e-type=\"widget\" data-widget_type=\"heading.default\">\n\t\t\t\t<div class=\"elementor-widget-container\">\n\t\t\t\t\t<h2 class=\"elementor-heading-title elementor-size-default\">Ahorro y sostenibilidad<\/h2>\t\t\t\t<\/div>\n\t\t\t\t<\/div>\n\t\t\t\t<div class=\"elementor-element elementor-element-9a06b1f elementor-widget__width-initial elementor-widget elementor-widget-icon-box\" data-id=\"9a06b1f\" data-element_type=\"widget\" data-e-type=\"widget\" data-widget_type=\"icon-box.default\">\n\t\t\t\t<div class=\"elementor-widget-container\">\n\t\t\t\t\t\t\t<div class=\"elementor-icon-box-wrapper\">\n\n\t\t\t\n\t\t\t\t\t\t<div class=\"elementor-icon-box-content\">\n\n\t\t\t\t\n\t\t\t\t\t\t\t\t\t<p class=\"elementor-icon-box-description\">\n\t\t\t\t\t\tGenera tu propia energ\u00eda renovable y reduce un 70% tus facturas, convirtiendo tu hogar en un espacio eco-amigable.\t\t\t\t\t<\/p>\n\t\t\t\t\n\t\t\t<\/div>\n\t\t\t\n\t\t<\/div>\n\t\t\t\t\t\t<\/div>\n\t\t\t\t<\/div>\n\t\t\t\t<\/div>\n\t\t<div class=\"elementor-element elementor-element-5c47862 e-con-full e-flex elementor-invisible e-con e-child\" data-id=\"5c47862\" data-element_type=\"container\" data-e-type=\"container\" data-settings=\"{&quot;background_background&quot;:&quot;classic&quot;,&quot;animation&quot;:&quot;fadeIn&quot;,&quot;animation_delay&quot;:&quot;150&quot;}\">\n\t\t\t\t<div class=\"elementor-element elementor-element-ae0f994 elementor-widget-mobile__width-initial elementor-widget elementor-widget-heading\" data-id=\"ae0f994\" data-element_type=\"widget\" data-e-type=\"widget\" data-widget_type=\"heading.default\">\n\t\t\t\t<div class=\"elementor-widget-container\">\n\t\t\t\t\t<h2 class=\"elementor-heading-title elementor-size-default\">Control en tiempo real<\/h2>\t\t\t\t<\/div>\n\t\t\t\t<\/div>\n\t\t\t\t<div class=\"elementor-element elementor-element-5c936e9 elementor-widget__width-initial elementor-widget elementor-widget-icon-box\" data-id=\"5c936e9\" data-element_type=\"widget\" data-e-type=\"widget\" data-widget_type=\"icon-box.default\">\n\t\t\t\t<div class=\"elementor-widget-container\">\n\t\t\t\t\t\t\t<div class=\"elementor-icon-box-wrapper\">\n\n\t\t\t\n\t\t\t\t\t\t<div class=\"elementor-icon-box-content\">\n\n\t\t\t\t\n\t\t\t\t\t\t\t\t\t<p class=\"elementor-icon-box-description\">\n\t\t\t\t\t\tMonitorea tu instalaci\u00f3n y gestiona tu consumo y generaci\u00f3n de energ\u00eda de manera eficiente.\t\t\t\t\t<\/p>\n\t\t\t\t\n\t\t\t<\/div>\n\t\t\t\n\t\t<\/div>\n\t\t\t\t\t\t<\/div>\n\t\t\t\t<\/div>\n\t\t\t\t<\/div>\n\t\t<div class=\"elementor-element elementor-element-96db4b0 e-con-full e-flex elementor-invisible e-con e-child\" data-id=\"96db4b0\" data-element_type=\"container\" data-e-type=\"container\" data-settings=\"{&quot;background_background&quot;:&quot;classic&quot;,&quot;animation&quot;:&quot;fadeIn&quot;,&quot;animation_delay&quot;:&quot;150&quot;}\">\n\t\t\t\t<div class=\"elementor-element elementor-element-02cdbb9 elementor-widget-mobile__width-initial elementor-widget elementor-widget-heading\" data-id=\"02cdbb9\" data-element_type=\"widget\" data-e-type=\"widget\" data-widget_type=\"heading.default\">\n\t\t\t\t<div class=\"elementor-widget-container\">\n\t\t\t\t\t<h2 class=\"elementor-heading-title elementor-size-default\">Compensaci\u00f3n por excedentes<\/h2>\t\t\t\t<\/div>\n\t\t\t\t<\/div>\n\t\t\t\t<div class=\"elementor-element elementor-element-486b1bb elementor-widget__width-initial elementor-widget elementor-widget-icon-box\" data-id=\"486b1bb\" data-element_type=\"widget\" data-e-type=\"widget\" data-widget_type=\"icon-box.default\">\n\t\t\t\t<div class=\"elementor-widget-container\">\n\t\t\t\t\t\t\t<div class=\"elementor-icon-box-wrapper\">\n\n\t\t\t\n\t\t\t\t\t\t<div class=\"elementor-icon-box-content\">\n\n\t\t\t\t\n\t\t\t\t\t\t\t\t\t<p class=\"elementor-icon-box-description\">\n\t\t\t\t\t\tCon el Plan Solar, tus excedentes de energ\u00eda se compensan, maximizando tus ahorros.\t\t\t\t\t<\/p>\n\t\t\t\t\n\t\t\t<\/div>\n\t\t\t\n\t\t<\/div>\n\t\t\t\t\t\t<\/div>\n\t\t\t\t<\/div>\n\t\t\t\t<\/div>\n\t\t\t\t<\/div>\n\t\t<div class=\"elementor-element elementor-element-d855e6a e-flex e-con-boxed e-con e-child\" data-id=\"d855e6a\" data-element_type=\"container\" data-e-type=\"container\">\n\t\t\t\t\t<div class=\"e-con-inner\">\n\t\t\t\t<div class=\"elementor-element elementor-element-3b48c1e animated-fast elementor-widget-mobile__width-inherit elementor-align-center elementor-tablet-align-center elementor-invisible elementor-widget elementor-widget-button\" data-id=\"3b48c1e\" data-element_type=\"widget\" data-e-type=\"widget\" data-settings=\"{&quot;_animation&quot;:&quot;fadeIn&quot;}\" data-widget_type=\"button.default\">\n\t\t\t\t<div class=\"elementor-widget-container\">\n\t\t\t\t\t\t\t\t\t<div class=\"elementor-button-wrapper\">\n\t\t\t\t\t<a class=\"elementor-button elementor-button-link elementor-size-sm\" href=\"#elementor-action%3Aaction%3Dpopup%3Aopen%26settings%3DeyJpZCI6IjE0NDYiLCJ0b2dnbGUiOmZhbHNlfQ%3D%3D\">\n\t\t\t\t\t\t<span class=\"elementor-button-content-wrapper\">\n\t\t\t\t\t\t\t\t\t<span class=\"elementor-button-text\">Contr\u00e1talo<\/span>\n\t\t\t\t\t<\/span>\n\t\t\t\t\t<\/a>\n\t\t\t\t<\/div>\n\t\t\t\t\t\t\t\t<\/div>\n\t\t\t\t<\/div>\n\t\t\t\t\t<\/div>\n\t\t\t\t<\/div>\n\t\t\t\t<\/div>\n\t\t\t\t<\/div>\n\t\t<div class=\"elementor-element elementor-element-c221758 e-con-full e-flex e-con e-parent\" data-id=\"c221758\" data-element_type=\"container\" data-e-type=\"container\" data-settings=\"{&quot;background_background&quot;:&quot;classic&quot;}\">\n\t\t\t\t<div class=\"elementor-element elementor-element-b40b459 elementor-invisible elementor-widget elementor-widget-heading\" data-id=\"b40b459\" data-element_type=\"widget\" data-e-type=\"widget\" data-settings=\"{&quot;_animation&quot;:&quot;fadeIn&quot;}\" data-widget_type=\"heading.default\">\n\t\t\t\t<div class=\"elementor-widget-container\">\n\t\t\t\t\t<h2 class=\"elementor-heading-title elementor-size-default\">Por qu\u00e9 Evaria XXI<\/h2>\t\t\t\t<\/div>\n\t\t\t\t<\/div>\n\t\t\t\t<div class=\"elementor-element elementor-element-164daac elementor-widget elementor-widget-spacer\" data-id=\"164daac\" data-element_type=\"widget\" data-e-type=\"widget\" data-widget_type=\"spacer.default\">\n\t\t\t\t<div class=\"elementor-widget-container\">\n\t\t\t\t\t\t\t<div class=\"elementor-spacer\">\n\t\t\t<div class=\"elementor-spacer-inner\"><\/div>\n\t\t<\/div>\n\t\t\t\t\t\t<\/div>\n\t\t\t\t<\/div>\n\t\t<div class=\"elementor-element elementor-element-d92354f e-con-full e-flex e-con e-child\" data-id=\"d92354f\" data-element_type=\"container\" data-e-type=\"container\">\n\t\t\t\t<div class=\"elementor-element elementor-element-0b40158 elementor-widget__width-initial elementor-view-default elementor-position-block-start elementor-mobile-position-block-start elementor-invisible elementor-widget elementor-widget-icon-box\" data-id=\"0b40158\" data-element_type=\"widget\" data-e-type=\"widget\" data-settings=\"{&quot;_animation&quot;:&quot;fadeIn&quot;,&quot;_animation_delay&quot;:&quot;600&quot;}\" data-widget_type=\"icon-box.default\">\n\t\t\t\t<div class=\"elementor-widget-container\">\n\t\t\t\t\t\t\t<div class=\"elementor-icon-box-wrapper\">\n\n\t\t\t\t\t\t<div class=\"elementor-icon-box-icon\">\n\t\t\t\t<span  class=\"elementor-icon\">\n\t\t\t\t<svg xmlns=\"http:\/\/www.w3.org\/2000\/svg\" xmlns:xlink=\"http:\/\/www.w3.org\/1999\/xlink\" id=\"Capa_1\" x=\"0px\" y=\"0px\" viewBox=\"0 0 600 600\" style=\"enable-background:new 0 0 600 600;\" xml:space=\"preserve\"><g>\t<g>\t\t<path d=\"M352.15,492c-11.84,0-23.12-4.64-31.67-13.2c-10.11-10.11-14.75-24.03-12.73-38.18l10.6-74.18   c2.27-16.83,13.84-30.72,30.2-36.25c15.62-5.28,32.48-1.75,44.55,9.19c5.86-13.26,8.9-27.64,8.9-42.38   c0-42.15-25.05-80.07-63.82-96.62c-18.32-7.82-29.38-25.88-27.52-44.95c0-0.01,0.05-0.52,0.05-0.52   c1.35-14.42,9.53-27.45,21.9-34.86c12.25-7.34,26.82-8.39,39.95-2.86c34.95,14.7,64.7,39.12,86.02,70.62   c21.86,32.29,33.41,70.04,33.41,109.18c0,39.1-11.32,76.29-32.85,108.37c11.54,12.12,15.37,29.39,9.96,45.36   c-5.54,16.37-19.43,27.94-36.27,30.22l-74.18,10.6C356.48,491.85,354.3,492,352.15,492L352.15,492z M358.16,358.6   c-5.22,1.77-9.22,5.86-10.11,12.02l-10.61,74.24c-0.67,4.71,0.88,9.36,4.25,12.73c3.37,3.37,8.01,4.92,12.72,4.25   c0,0,74.33-10.62,74.38-10.62c5.56-0.74,10-4.52,11.89-10.11c0.9-2.64,2.34-9.44-3.54-15.33l-8.23-8.23   c-5.34-5.34-5.88-13.8-1.27-19.78c22.47-29.08,34.34-63.93,34.34-100.77c0-66.6-39.67-126.33-101.07-152.15   c-5.79-2.44-10.57-0.46-12.91,0.94c-4.27,2.55-6.98,6.9-7.45,11.91l-0.06,0.64c-0.58,5.98,3.21,11.79,9.44,14.45   c49.84,21.27,82.04,70.02,82.04,124.21c0,27-7.95,53.07-22.99,75.38c-2.5,3.71-6.54,6.12-11,6.55c-4.46,0.43-8.88-1.16-12.05-4.32   l-12.46-12.46C369.14,357.78,363.45,356.82,358.16,358.6L358.16,358.6z M358.16,358.6\"><\/path>\t\t<path d=\"M220.91,479.91c-33.23-15.45-61.4-39.89-81.44-70.68c-20.58-31.62-31.46-68.35-31.46-106.23   c0-37.65,10.57-73.7,30.68-105.04l-2.53-2.53c-12.16-12.16-16.27-29.86-10.74-46.2c5.54-16.34,19.43-27.9,36.25-30.17l74.18-10.6   c14.16-2.02,28.07,2.62,38.18,12.73c10.11,10.11,14.75,24.03,12.73,38.18l-10.6,74.19c-2.27,16.82-13.84,30.71-30.2,36.25   c-13.91,4.71-28.82,2.42-40.44-5.88c-4.95,12.34-7.51,25.59-7.51,39.07c0,40.39,23.59,77.66,60.11,94.95   c17.54,8.31,27.95,26.25,25.91,44.65l-0.06,0.53c-1.59,14.76-10.19,27.89-23.02,35.14C248.79,485.14,234.19,486.08,220.91,479.91   L220.91,479.91z M233.55,452.71c5.57,2.59,10.31,0.76,12.65-0.56c4.42-2.5,7.39-7.07,7.95-12.23l0.07-0.64   c0.63-5.68-2.96-11.39-8.93-14.22c-22.77-10.79-42.05-27.7-55.75-48.92c-14.08-21.8-21.52-47.09-21.52-73.14   c0-25.42,7.11-50.19,20.55-71.63c2.43-3.87,6.49-6.42,11.02-6.93c4.54-0.52,9.06,1.07,12.29,4.3l9.12,9.12   c5.89,5.89,12.69,4.43,15.34,3.54c2.09-0.71,9-3.66,10.09-11.88c0.01-0.05,10.63-74.38,10.63-74.38   c0.67-4.71-0.87-9.36-4.25-12.72c-3.37-3.37-8.01-4.92-12.73-4.25c0,0-74.34,10.62-74.38,10.63c-8.23,1.09-11.17,7.98-11.87,10.06   c-0.9,2.66-2.36,9.48,3.53,15.37l11.36,11.36c5.25,5.25,5.87,13.55,1.46,19.52c-21.05,28.5-32.17,62.36-32.17,97.9   C138.01,366.97,175.51,425.73,233.55,452.71L233.55,452.71z M233.55,452.71\"><\/path>\t<\/g><\/g><\/svg>\t\t\t\t<\/span>\n\t\t\t<\/div>\n\t\t\t\n\t\t\t\t\t\t<div class=\"elementor-icon-box-content\">\n\n\t\t\t\t\t\t\t\t\t<h3 class=\"elementor-icon-box-title\">\n\t\t\t\t\t\t<span  >\n\t\t\t\t\t\t\tEnerg\u00eda verde \t\t\t\t\t\t<\/span>\n\t\t\t\t\t<\/h3>\n\t\t\t\t\n\t\t\t\t\t\t\t\t\t<p class=\"elementor-icon-box-description\">\n\t\t\t\t\t\tDisfruta de energ\u00eda 100% renovable certificada, reduciendo tus emisiones de CO2 y contribuyendo a un futuro m\u00e1s limpio y verde.\t\t\t\t\t<\/p>\n\t\t\t\t\n\t\t\t<\/div>\n\t\t\t\n\t\t<\/div>\n\t\t\t\t\t\t<\/div>\n\t\t\t\t<\/div>\n\t\t\t\t<div class=\"elementor-element elementor-element-4cb9df3 elementor-widget__width-initial elementor-view-default elementor-position-block-start elementor-mobile-position-block-start elementor-invisible elementor-widget elementor-widget-icon-box\" data-id=\"4cb9df3\" data-element_type=\"widget\" data-e-type=\"widget\" data-settings=\"{&quot;_animation&quot;:&quot;fadeIn&quot;,&quot;_animation_delay&quot;:&quot;600&quot;}\" data-widget_type=\"icon-box.default\">\n\t\t\t\t<div class=\"elementor-widget-container\">\n\t\t\t\t\t\t\t<div class=\"elementor-icon-box-wrapper\">\n\n\t\t\t\t\t\t<div class=\"elementor-icon-box-icon\">\n\t\t\t\t<span  class=\"elementor-icon\">\n\t\t\t\t<svg xmlns=\"http:\/\/www.w3.org\/2000\/svg\" xmlns:xlink=\"http:\/\/www.w3.org\/1999\/xlink\" id=\"Capa_1\" x=\"0px\" y=\"0px\" viewBox=\"0 0 600 600\" style=\"enable-background:new 0 0 600 600;\" xml:space=\"preserve\"><g id=\"Credit_Card\">\t<g>\t\t<path d=\"M365.71,196.25H165.13c-9.55,0-17.29-7.74-17.29-17.29s7.74-17.29,17.29-17.29h200.58c9.55,0,17.29,7.74,17.29,17.29   S375.26,196.25,365.71,196.25z\"><\/path>\t<\/g>\t<g>\t\t<circle cx=\"165.13\" cy=\"282.71\" r=\"17.29\"><\/circle>\t<\/g>\t<g>\t\t<circle cx=\"434.88\" cy=\"421.04\" r=\"17.29\"><\/circle>\t<\/g>\t<g>\t\t<path d=\"M365.71,369.17H165.13c-47.67,0-86.46-38.79-86.46-86.46V178.96c0-47.67,38.79-86.46,86.46-86.46h200.58   c47.67,0,86.46,38.79,86.46,86.46v103.75C452.17,330.38,413.38,369.17,365.71,369.17z M165.13,127.08   c-28.6,0-51.88,23.27-51.88,51.88v103.75c0,28.6,23.27,51.88,51.88,51.88h200.58c28.6,0,51.88-23.27,51.88-51.88V178.96   c0-28.6-23.27-51.88-51.88-51.88H165.13z\"><\/path>\t<\/g>\t<g>\t\t<path d=\"M434.88,507.5H234.29c-47.67,0-86.46-38.79-86.46-86.46c0-9.55,7.74-17.29,17.29-17.29s17.29,7.74,17.29,17.29   c0,28.6,23.27,51.88,51.88,51.88h200.58c28.6,0,51.88-23.27,51.88-51.88V317.29c0-3.63-0.37-7.24-1.11-10.75   c-1.97-9.35,4.02-18.52,13.36-20.48c9.35-1.97,18.52,4.02,20.48,13.36c1.23,5.84,1.85,11.86,1.85,17.87v103.75   C521.33,468.71,482.55,507.5,434.88,507.5L434.88,507.5z\"><\/path>\t<\/g><\/g><\/svg>\t\t\t\t<\/span>\n\t\t\t<\/div>\n\t\t\t\n\t\t\t\t\t\t<div class=\"elementor-icon-box-content\">\n\n\t\t\t\t\t\t\t\t\t<h3 class=\"elementor-icon-box-title\">\n\t\t\t\t\t\t<span  >\n\t\t\t\t\t\t\tCompromiso integral\t\t\t\t\t\t<\/span>\n\t\t\t\t\t<\/h3>\n\t\t\t\t\n\t\t\t\t\t\t\t\t\t<p class=\"elementor-icon-box-description\">\n\t\t\t\t\t\tEstamos dedicados a ti, tu ahorro y el cuidado del planeta, garantizando un servicio que va m\u00e1s all\u00e1 de la energ\u00eda, creando una experiencia sostenible y personalizada.\t\t\t\t\t<\/p>\n\t\t\t\t\n\t\t\t<\/div>\n\t\t\t\n\t\t<\/div>\n\t\t\t\t\t\t<\/div>\n\t\t\t\t<\/div>\n\t\t\t\t<div class=\"elementor-element elementor-element-f8e37f7 elementor-widget__width-initial elementor-view-default elementor-position-block-start elementor-mobile-position-block-start elementor-invisible elementor-widget elementor-widget-icon-box\" data-id=\"f8e37f7\" data-element_type=\"widget\" data-e-type=\"widget\" data-settings=\"{&quot;_animation&quot;:&quot;fadeIn&quot;,&quot;_animation_delay&quot;:&quot;600&quot;}\" data-widget_type=\"icon-box.default\">\n\t\t\t\t<div class=\"elementor-widget-container\">\n\t\t\t\t\t\t\t<div class=\"elementor-icon-box-wrapper\">\n\n\t\t\t\t\t\t<div class=\"elementor-icon-box-icon\">\n\t\t\t\t<span  class=\"elementor-icon\">\n\t\t\t\t<svg xmlns=\"http:\/\/www.w3.org\/2000\/svg\" xmlns:xlink=\"http:\/\/www.w3.org\/1999\/xlink\" id=\"Capa_1\" x=\"0px\" y=\"0px\" viewBox=\"0 0 600 600\" style=\"enable-background:new 0 0 600 600;\" xml:space=\"preserve\"><g>\t<path d=\"M238.07,508.61c-6.17,0-11.82-3.49-14.58-9.01l-28.09-56.18h-6.23c-15.87,0-31.13-5.74-42.96-16.17  c-11.68-10.28-19.28-24.44-21.42-39.87L92.22,165.79c-0.4-2.74-0.83-5.77-0.83-9.21c0-35.95,29.24-65.19,65.19-65.19h162.98  c35.95,0,65.19,29.24,65.19,65.19c0,3.45-0.43,6.48-0.82,9.15l-32.59,221.65c-2.14,15.43-9.74,29.59-21.42,39.87  c-11.83,10.43-27.09,16.17-42.96,16.17h-6.23l-28.09,56.18C249.88,505.12,244.24,508.61,238.07,508.61L238.07,508.61z   M156.58,123.98c-17.97,0-32.6,14.62-32.6,32.6c0,1.12,0.24,2.78,0.49,4.53c0,0,32.6,221.7,32.61,221.75  c2.22,16.2,15.72,27.96,32.09,27.96h16.3c6.17,0,11.82,3.49,14.58,9.01l18.02,36.04l18.02-36.04c2.76-5.52,8.41-9.01,14.58-9.01  h16.3c16.38,0,29.87-11.76,32.09-27.96c0.01-0.06,32.62-221.81,32.62-221.81c0.24-1.69,0.48-3.35,0.48-4.47  c0-17.97-14.62-32.6-32.6-32.6H156.58z M156.58,123.98\"><\/path>\t<path d=\"M361.93,508.61c-6.17,0-11.82-3.49-14.58-9.01l-11.93-23.85c-4.02-8.05-0.76-17.84,7.29-21.87  c6.4-3.2,13.9-1.79,18.73,2.96l18.5-37.01c2.76-5.52,8.41-9.01,14.58-9.01h16.3c16.38,0,29.87-11.76,32.09-27.96  c0.01-0.06,32.62-221.81,32.62-221.81c0.24-1.69,0.48-3.35,0.48-4.47c0-17.97-14.62-32.6-32.6-32.6H416.1c-9,0-16.3-7.3-16.3-16.3  s7.3-16.3,16.3-16.3h27.32c35.95,0,65.19,29.24,65.19,65.19c0,3.45-0.43,6.48-0.82,9.15L475.2,387.37  c-2.14,15.44-9.74,29.59-21.42,39.88c-11.83,10.43-27.09,16.17-42.96,16.17h-6.23l-28.09,56.18  C373.75,505.12,368.1,508.61,361.93,508.61L361.93,508.61z M361.93,508.61\"><\/path><\/g><\/svg>\t\t\t\t<\/span>\n\t\t\t<\/div>\n\t\t\t\n\t\t\t\t\t\t<div class=\"elementor-icon-box-content\">\n\n\t\t\t\t\t\t\t\t\t<h3 class=\"elementor-icon-box-title\">\n\t\t\t\t\t\t<span  >\n\t\t\t\t\t\t\tGesti\u00f3n f\u00e1cil y r\u00e1pida\t\t\t\t\t\t<\/span>\n\t\t\t\t\t<\/h3>\n\t\t\t\t\n\t\t\t\t\t\t\t\t\t<p class=\"elementor-icon-box-description\">\n\t\t\t\t\t\tCon la app Iberdrola, administra tu consumo, visualiza tus facturas y gestiona tus planes de luz de manera intuitiva y c\u00f3moda desde tu m\u00f3vil.\t\t\t\t\t<\/p>\n\t\t\t\t\n\t\t\t<\/div>\n\t\t\t\n\t\t<\/div>\n\t\t\t\t\t\t<\/div>\n\t\t\t\t<\/div>\n\t\t\t\t<\/div>\n\t\t\t\t<\/div>\n\t\t\t\t<\/div>\n\t\t","protected":false},"excerpt":{"rendered":"<p>Instala tus Placas Solares Instala tus Placas Solares Despreoc\u00fapate y disfruta de la energ\u00eda solar sin complicaciones Sin inversi\u00f3n inicial Gestionamos tus subvenciones Proyectos llave en mano Contratar La energ\u00eda que buscas con el asesoramiento que mereces. Por qu\u00e9 instalar tus placas solares Ahorro y sostenibilidad Genera tu propia energ\u00eda renovable y reduce un 70% [&hellip;]<\/p>\n","protected":false},"author":3,"featured_media":0,"parent":0,"menu_order":0,"comment_status":"closed","ping_status":"closed","template":"elementor_header_footer","meta":{"footnotes":""},"class_list":["post-1502","page","type-page","status-publish","hentry"],"_links":{"self":[{"href":"https:\/\/evaria.es\/hogares\/wp-json\/wp\/v2\/pages\/1502","targetHints":{"allow":["GET"]}}],"collection":[{"href":"https:\/\/evaria.es\/hogares\/wp-json\/wp\/v2\/pages"}],"about":[{"href":"https:\/\/evaria.es\/hogares\/wp-json\/wp\/v2\/types\/page"}],"author":[{"embeddable":true,"href":"https:\/\/evaria.es\/hogares\/wp-json\/wp\/v2\/users\/3"}],"replies":[{"embeddable":true,"href":"https:\/\/evaria.es\/hogares\/wp-json\/wp\/v2\/comments?post=1502"}],"version-history":[{"count":17,"href":"https:\/\/evaria.es\/hogares\/wp-json\/wp\/v2\/pages\/1502\/revisions"}],"predecessor-version":[{"id":1813,"href":"https:\/\/evaria.es\/hogares\/wp-json\/wp\/v2\/pages\/1502\/revisions\/1813"}],"wp:attachment":[{"href":"https:\/\/evaria.es\/hogares\/wp-json\/wp\/v2\/media?parent=1502"}],"curies":[{"name":"wp","href":"https:\/\/api.w.org\/{rel}","templated":true}]}}