{"id":202,"date":"2023-10-31T13:34:24","date_gmt":"2023-10-31T13:34:24","guid":{"rendered":"https:\/\/evaria.es\/negocios\/?page_id=202"},"modified":"2024-02-05T08:39:15","modified_gmt":"2024-02-05T08:39:15","slug":"alta-suministro","status":"publish","type":"page","link":"https:\/\/evaria.es\/negocios\/alta-suministro\/","title":{"rendered":"Alta suministro"},"content":{"rendered":"\t\t<div data-elementor-type=\"wp-page\" data-elementor-id=\"202\" class=\"elementor elementor-202\" data-elementor-post-type=\"page\">\n\t\t\t\t<div class=\"elementor-element elementor-element-5b3f2e9b e-flex e-con-boxed e-con e-parent\" data-id=\"5b3f2e9b\" data-element_type=\"container\" data-e-type=\"container\" data-settings=\"{&quot;background_background&quot;:&quot;classic&quot;}\">\n\t\t\t\t\t<div class=\"e-con-inner\">\n\t\t\t\t<div class=\"elementor-element elementor-element-160b8b98 elementor-widget-mobile__width-initial elementor-widget elementor-widget-heading\" data-id=\"160b8b98\" data-element_type=\"widget\" data-e-type=\"widget\" data-widget_type=\"heading.default\">\n\t\t\t\t<div class=\"elementor-widget-container\">\n\t\t\t\t\t<h1 class=\"elementor-heading-title elementor-size-default\">Alta Suministro<\/h1>\t\t\t\t<\/div>\n\t\t\t\t<\/div>\n\t\t\t\t<div class=\"elementor-element elementor-element-3d2fc6b6 elementor-widget-mobile__width-inherit elementor-widget elementor-widget-heading\" data-id=\"3d2fc6b6\" data-element_type=\"widget\" data-e-type=\"widget\" data-widget_type=\"heading.default\">\n\t\t\t\t<div class=\"elementor-widget-container\">\n\t\t\t\t\t<h2 class=\"elementor-heading-title elementor-size-default\">Todo lo que debes saber sobre c\u00f3mo dar de alta la luz con Evaria <\/h2>\t\t\t\t<\/div>\n\t\t\t\t<\/div>\n\t\t\t\t<div class=\"elementor-element elementor-element-495c7ce elementor-widget__width-initial elementor-invisible elementor-widget elementor-widget-text-editor\" data-id=\"495c7ce\" data-element_type=\"widget\" data-e-type=\"widget\" data-settings=\"{&quot;_animation&quot;:&quot;fadeIn&quot;}\" data-widget_type=\"text-editor.default\">\n\t\t\t\t<div class=\"elementor-widget-container\">\n\t\t\t\t\t\t\t\t\t<p><span style=\"font-weight: 400\">La energ\u00eda que buscas con el asesoramiento que mereces.<\/span><\/p>\t\t\t\t\t\t\t\t<\/div>\n\t\t\t\t<\/div>\n\t\t\t\t\t<\/div>\n\t\t\t\t<\/div>\n\t\t<div class=\"elementor-element elementor-element-7bf17cb9 e-flex e-con-boxed e-con e-parent\" data-id=\"7bf17cb9\" data-element_type=\"container\" data-e-type=\"container\" data-settings=\"{&quot;background_background&quot;:&quot;classic&quot;}\">\n\t\t\t\t\t<div class=\"e-con-inner\">\n\t\t<div class=\"elementor-element elementor-element-501de4a e-con-full e-flex e-con e-child\" data-id=\"501de4a\" data-element_type=\"container\" data-e-type=\"container\">\n\t\t<div class=\"elementor-element elementor-element-e1d647b e-con-full mdw-stacked-card-area e-flex e-con e-child\" data-id=\"e1d647b\" data-element_type=\"container\" data-e-type=\"container\" data-settings=\"{&quot;background_background&quot;:&quot;classic&quot;}\">\n\t\t<div class=\"elementor-element elementor-element-61781ba e-flex e-con-boxed e-con e-child\" data-id=\"61781ba\" data-element_type=\"container\" data-e-type=\"container\">\n\t\t\t\t\t<div class=\"e-con-inner\">\n\t\t<div class=\"elementor-element elementor-element-265d534 e-con-full e-flex e-con e-child\" data-id=\"265d534\" data-element_type=\"container\" data-e-type=\"container\">\n\t\t\t\t<div class=\"elementor-element elementor-element-81a2338 elementor-widget__width-initial elementor-invisible elementor-widget elementor-widget-heading\" data-id=\"81a2338\" data-element_type=\"widget\" data-e-type=\"widget\" data-settings=\"{&quot;_animation&quot;:&quot;fadeIn&quot;}\" data-widget_type=\"heading.default\">\n\t\t\t\t<div class=\"elementor-widget-container\">\n\t\t\t\t\t<h2 class=\"elementor-heading-title elementor-size-default\">Contigo, paso a paso<\/h2>\t\t\t\t<\/div>\n\t\t\t\t<\/div>\n\t\t\t\t<\/div>\n\t\t<div class=\"elementor-element elementor-element-56f323a e-con-full mdw-stacked-cards e-flex e-con e-child\" data-id=\"56f323a\" data-element_type=\"container\" data-e-type=\"container\">\n\t\t\t\t<div class=\"elementor-element elementor-element-c83a450 elementor-widget elementor-widget-html\" data-id=\"c83a450\" data-element_type=\"widget\" data-e-type=\"widget\" data-widget_type=\"html.default\">\n\t\t\t\t<div class=\"elementor-widget-container\">\n\t\t\t\t\t<script src=\"https:\/\/code.jquery.com\/jquery-3.5.1.min.js\"><\/script>\r\n<script>\r\n\r\nif(!MDWNonce100){\r\n    \r\nvar MDWNonce100 = true\r\n\r\n$(document).ready(function() {\r\n    \r\nvar previousScrollTop = [],\r\ncards = [],\r\ncardScrollHeight = [],\r\ncardRotate = [],\r\ncardContainer = [],\r\nstickyTop = [],\r\nstickyCon = []\r\n\r\n\r\n\/\/ Sliding crads on scroll\r\n\r\nfunction cardSlideUp(){\r\n\r\n$('.mdw-stacked-card-area').each(function(i){\r\n    \r\n    var $this = $(this),\r\n    scrollTop = $(document).scrollTop(),\r\n    cardAreaTop = $this.offset().top,\r\n    index = Math.floor((scrollTop - cardAreaTop - stickyTop[i]) \/ cardScrollHeight[i]),\r\n    totalCards = cards[i].length\r\n    \r\n    cards[i].removeClass('mdw-active-card')\r\n    cards[i].each(function(j){\r\n        if( j <= index ) {\r\n            $(this).addClass('mdw-active-card')\r\n        }\r\n        if(index >= -1 && index < totalCards - 1){\r\n            $(this).css({\r\n                'transform': `rotate(${ -1*j*cardRotate[i] + (index+1)*cardRotate[i] }deg)`\r\n            })\r\n        }\r\n    })\r\n    \r\n    previousScrollTop[i] = scrollTop\r\n})\r\n\r\n}\r\n\r\n\r\nfunction setValues(){\r\n\r\n$('.mdw-stacked-card-area').each(function(i){\r\n    \r\n    var $this = $(this)\r\n    \r\n    stickyTop[i] = 0\r\n    \r\n    if(stickyCon[i].outerHeight() > $(window).height()){\r\n        stickyTop[i] = cardContainer[i].offset().top - stickyCon[i].offset().top - $(window).height()\/2\r\n    }\r\n    stickyCon[i].css('top', -1*stickyTop[i])\r\n    \r\n    cardScrollHeight[i] = $this.css('--card-scroll-height') ? parseInt($this.css('--card-scroll-height').trim()) : 400\r\n    cardRotate[i] = $this.css('--card-rotate') ? parseInt($this.css('--card-rotate').trim()) : 9\r\n    \r\n    \r\n    \/\/ Rotating cards\r\n    \r\n    cards[i].each(function(j) {\r\n        $(this).css({\r\n            'transform': `rotate(-${j * cardRotate[i]}deg)`,\r\n            'z-index': cards[i].length - j\r\n        })\r\n    })\r\n\r\n\r\n    \/\/ Card area height\r\n    \r\n    $this.css('height', stickyCon[i].outerHeight() +  ((cards[i].length - 1) * cardScrollHeight[i]) + 'px' )\r\n})\r\n\r\n}\r\n\r\n$(document).on('scroll', cardSlideUp)\r\n$(window).on('resize', function(){\r\n    setValues()\r\n    cardSlideUp()\r\n})\r\n\r\n\r\nfunction init(){\r\n\r\n$('.mdw-stacked-card-area').each(function(i){\r\n    \r\n    var $this = $(this)\r\n    \r\n    cards[i] = $this.find('.mdw-stacked-cards > .e-con, .mdw-stacked-cards > .e-container, .mdw-stacked-cards > .e-con-inner > .e-con, .mdw-stacked-cards > .e-con-inner > .e-container')\r\n    stickyCon[i] = $this.children('.e-con, .e-container').eq(0)\r\n    \r\n    stickyCon[i].parents().each(function(){\r\n        if( !$(this).is('html') ){ $(this).css('overflow', 'visible') }\r\n    })\r\n    \r\n    previousScrollTop[i] = $(document).scrollTop()\r\n    cardContainer[i] = $this.find('.mdw-stacked-cards')\r\n})\r\n\r\nsetValues()\r\ncardSlideUp()\r\n\r\n}\r\n\r\ninit()\r\n    \r\n})\r\n}\r\n<\/script>\t\t\t\t<\/div>\n\t\t\t\t<\/div>\n\t\t<div class=\"elementor-element elementor-element-ac1fcd8 e-con-full e-flex e-con e-child\" data-id=\"ac1fcd8\" data-element_type=\"container\" data-e-type=\"container\" data-settings=\"{&quot;background_background&quot;:&quot;classic&quot;,&quot;position&quot;:&quot;absolute&quot;}\">\n\t\t<div class=\"elementor-element elementor-element-b9b98fb e-flex e-con-boxed e-con e-child\" data-id=\"b9b98fb\" data-element_type=\"container\" data-e-type=\"container\" data-settings=\"{&quot;background_background&quot;:&quot;classic&quot;}\">\n\t\t\t\t\t<div class=\"e-con-inner\">\n\t\t\t\t<div class=\"elementor-element elementor-element-02fc9d9 elementor-widget elementor-widget-heading\" data-id=\"02fc9d9\" data-element_type=\"widget\" data-e-type=\"widget\" data-widget_type=\"heading.default\">\n\t\t\t\t<div class=\"elementor-widget-container\">\n\t\t\t\t\t<h4 class=\"elementor-heading-title elementor-size-default\">Define tu potencia<\/h4>\t\t\t\t<\/div>\n\t\t\t\t<\/div>\n\t\t\t\t\t<\/div>\n\t\t\t\t<\/div>\n\t\t\t\t<div class=\"elementor-element elementor-element-09491cf elementor-widget elementor-widget-text-editor\" data-id=\"09491cf\" data-element_type=\"widget\" data-e-type=\"widget\" data-widget_type=\"text-editor.default\">\n\t\t\t\t<div class=\"elementor-widget-container\">\n\t\t\t\t\t\t\t\t\t<p>Aseg\u00farate de que la potencia que contrates est\u00e9 dentro de los l\u00edmites de tu instalaci\u00f3n el\u00e9ctrica. Podemos ayudarte a determinar la adecuada.<\/p>\t\t\t\t\t\t\t\t<\/div>\n\t\t\t\t<\/div>\n\t\t\t\t<div class=\"elementor-element elementor-element-ce22878 elementor-button-align-stretch elementor-widget elementor-widget-form\" data-id=\"ce22878\" data-element_type=\"widget\" data-e-type=\"widget\" data-settings=\"{&quot;step_next_label&quot;:&quot;Siguiente&quot;,&quot;step_previous_label&quot;:&quot;Anterior&quot;,&quot;button_width&quot;:&quot;100&quot;,&quot;step_type&quot;:&quot;number_text&quot;,&quot;step_icon_shape&quot;:&quot;circle&quot;}\" data-widget_type=\"form.default\">\n\t\t\t\t<div class=\"elementor-widget-container\">\n\t\t\t\t\t\t\t<form class=\"elementor-form\" method=\"post\" name=\"Nuevo formulario\" aria-label=\"Nuevo formulario\">\n\t\t\t<input type=\"hidden\" name=\"post_id\" value=\"202\"\/>\n\t\t\t<input type=\"hidden\" name=\"form_id\" value=\"ce22878\"\/>\n\t\t\t<input type=\"hidden\" name=\"referer_title\" value=\"Alta suministro - Evaria Negocios\" \/>\n\n\t\t\t\t\t\t\t<input type=\"hidden\" name=\"queried_id\" value=\"202\"\/>\n\t\t\t\n\t\t\t<div class=\"elementor-form-fields-wrapper elementor-labels-\">\n\t\t\t\t\t\t\t\t<div class=\"elementor-field-type-text elementor-field-group elementor-column elementor-field-group-name elementor-col-100\">\n\t\t\t\t\t\t\t\t\t\t\t\t<label for=\"form-field-name\" class=\"elementor-field-label elementor-screen-only\">\n\t\t\t\t\t\t\t\tNombre\t\t\t\t\t\t\t<\/label>\n\t\t\t\t\t\t\t\t\t\t\t\t\t\t<input size=\"1\" type=\"text\" name=\"form_fields[name]\" id=\"form-field-name\" class=\"elementor-field elementor-size-sm  elementor-field-textual\" placeholder=\"Nombre\">\n\t\t\t\t\t\t\t\t\t\t\t<\/div>\n\t\t\t\t\t\t\t\t<div class=\"elementor-field-type-email elementor-field-group elementor-column elementor-field-group-email elementor-col-100 elementor-field-required\">\n\t\t\t\t\t\t\t\t\t\t\t\t<label for=\"form-field-email\" class=\"elementor-field-label elementor-screen-only\">\n\t\t\t\t\t\t\t\tCorreo electr\u00f3nico\t\t\t\t\t\t\t<\/label>\n\t\t\t\t\t\t\t\t\t\t\t\t\t\t<input size=\"1\" type=\"email\" name=\"form_fields[email]\" id=\"form-field-email\" class=\"elementor-field elementor-size-sm  elementor-field-textual\" placeholder=\"Correo electr\u00f3nico\" required=\"required\">\n\t\t\t\t\t\t\t\t\t\t\t<\/div>\n\t\t\t\t\t\t\t\t<div class=\"elementor-field-type-recaptcha_v3 elementor-field-group elementor-column elementor-field-group-field_5a7f265 elementor-col-100 recaptcha_v3-inline\">\n\t\t\t\t\t<div class=\"elementor-field\" id=\"form-field-field_5a7f265\"><div class=\"elementor-g-recaptcha\" data-sitekey=\"6LcBMUwpAAAAAH75fH5f9iWd31T8E-4O7-FXNuWx\" data-type=\"v3\" data-action=\"Form\" data-badge=\"inline\" data-size=\"invisible\"><\/div><\/div>\t\t\t\t<\/div>\n\t\t\t\t\t\t\t\t<div class=\"elementor-field-group elementor-column elementor-field-type-submit elementor-col-100 e-form__buttons\">\n\t\t\t\t\t<button class=\"elementor-button elementor-size-sm\" type=\"submit\">\n\t\t\t\t\t\t<span class=\"elementor-button-content-wrapper\">\n\t\t\t\t\t\t\t\t\t\t\t\t\t\t\t\t\t\t\t\t\t\t<span class=\"elementor-button-text\">Enviar<\/span>\n\t\t\t\t\t\t\t\t\t\t\t\t\t<\/span>\n\t\t\t\t\t<\/button>\n\t\t\t\t<\/div>\n\t\t\t<\/div>\n\t\t<\/form>\n\t\t\t\t\t\t<\/div>\n\t\t\t\t<\/div>\n\t\t\t\t<\/div>\n\t\t<div class=\"elementor-element elementor-element-77fb596 e-con-full e-flex e-con e-child\" data-id=\"77fb596\" data-element_type=\"container\" data-e-type=\"container\" data-settings=\"{&quot;background_background&quot;:&quot;classic&quot;,&quot;position&quot;:&quot;absolute&quot;}\">\n\t\t<div class=\"elementor-element elementor-element-11abcd5 e-flex e-con-boxed e-con e-child\" data-id=\"11abcd5\" data-element_type=\"container\" data-e-type=\"container\">\n\t\t\t\t\t<div class=\"e-con-inner\">\n\t\t\t\t<div class=\"elementor-element elementor-element-bfec048 elementor-widget elementor-widget-heading\" data-id=\"bfec048\" data-element_type=\"widget\" data-e-type=\"widget\" data-widget_type=\"heading.default\">\n\t\t\t\t<div class=\"elementor-widget-container\">\n\t\t\t\t\t<h4 class=\"elementor-heading-title elementor-size-default\">Recopila tu informaci\u00f3n:<\/h4>\t\t\t\t<\/div>\n\t\t\t\t<\/div>\n\t\t\t\t\t<\/div>\n\t\t\t\t<\/div>\n\t\t\t\t<div class=\"elementor-element elementor-element-bfdafbd elementor-widget elementor-widget-text-editor\" data-id=\"bfdafbd\" data-element_type=\"widget\" data-e-type=\"widget\" data-widget_type=\"text-editor.default\">\n\t\t\t\t<div class=\"elementor-widget-container\">\n\t\t\t\t\t\t\t\t\t<p><strong>&#8211;<\/strong>Licencia de primera ocupaci\u00f3n o de apertura.<\/p><p><strong>&#8211;<\/strong>C\u00e9dula de habitabilidad.<\/p><p><strong>&#8211;<\/strong>Certificado de Instalaci\u00f3n El\u00e9ctrica en baja tensi\u00f3n.<\/p><p><strong>&#8211;<\/strong>Documento de identidad v\u00e1lido.<\/p><p><strong>&#8211;<\/strong>Escritura de propiedad o contrato de arrendamiento.<\/p>\t\t\t\t\t\t\t\t<\/div>\n\t\t\t\t<\/div>\n\t\t\t\t<\/div>\n\t\t<div class=\"elementor-element elementor-element-dc38dbb e-con-full e-flex e-con e-child\" data-id=\"dc38dbb\" data-element_type=\"container\" data-e-type=\"container\" data-settings=\"{&quot;background_background&quot;:&quot;classic&quot;,&quot;position&quot;:&quot;absolute&quot;}\">\n\t\t<div class=\"elementor-element elementor-element-6554660 e-flex e-con-boxed e-con e-child\" data-id=\"6554660\" data-element_type=\"container\" data-e-type=\"container\" data-settings=\"{&quot;background_background&quot;:&quot;classic&quot;}\">\n\t\t\t\t\t<div class=\"e-con-inner\">\n\t\t\t\t<div class=\"elementor-element elementor-element-6f70215 elementor-widget elementor-widget-heading\" data-id=\"6f70215\" data-element_type=\"widget\" data-e-type=\"widget\" data-widget_type=\"heading.default\">\n\t\t\t\t<div class=\"elementor-widget-container\">\n\t\t\t\t\t<h4 class=\"elementor-heading-title elementor-size-default\">Entiende los costes<\/h4>\t\t\t\t<\/div>\n\t\t\t\t<\/div>\n\t\t\t\t\t<\/div>\n\t\t\t\t<\/div>\n\t\t\t\t<div class=\"elementor-element elementor-element-d2425c3 elementor-widget elementor-widget-text-editor\" data-id=\"d2425c3\" data-element_type=\"widget\" data-e-type=\"widget\" data-widget_type=\"text-editor.default\">\n\t\t\t\t<div class=\"elementor-widget-container\">\n\t\t\t\t\t\t\t\t\t<p>El total a pagar depender\u00e1 de varios derechos asociados a tu punto de suministro. Ten en cuenta que si tu potencia no supera los 50 kW, los derechos a considerar son:<\/p><p>Derechos de acometida.<br \/>Derechos de enganche.<br \/>Derechos de verificaci\u00f3n.<br \/>Dep\u00f3sito de garant\u00eda.<br \/><br \/><\/p>\t\t\t\t\t\t\t\t<\/div>\n\t\t\t\t<\/div>\n\t\t\t\t<\/div>\n\t\t\t\t<\/div>\n\t\t\t\t\t<\/div>\n\t\t\t\t<\/div>\n\t\t\t\t<\/div>\n\t\t\t\t<\/div>\n\t\t\t\t\t<\/div>\n\t\t\t\t<\/div>\n\t\t<div class=\"elementor-element elementor-element-5e1dbb36 e-con-full animated-slow e-flex elementor-invisible e-con e-parent\" data-id=\"5e1dbb36\" data-element_type=\"container\" data-e-type=\"container\" data-settings=\"{&quot;background_background&quot;:&quot;classic&quot;,&quot;animation&quot;:&quot;fadeIn&quot;}\">\n\t\t<div class=\"elementor-element elementor-element-3b4668bf e-con-full e-flex e-con e-child\" data-id=\"3b4668bf\" data-element_type=\"container\" data-e-type=\"container\">\n\t\t\t\t<div class=\"elementor-element elementor-element-61a40217 elementor-widget__width-initial elementor-invisible elementor-widget elementor-widget-heading\" data-id=\"61a40217\" data-element_type=\"widget\" data-e-type=\"widget\" data-settings=\"{&quot;_animation&quot;:&quot;fadeIn&quot;,&quot;_animation_delay&quot;:&quot;300&quot;}\" data-widget_type=\"heading.default\">\n\t\t\t\t<div class=\"elementor-widget-container\">\n\t\t\t\t\t<h3 class=\"elementor-heading-title elementor-size-default\">\u00bfQuieres empezar a ahorrar con Evaria? <\/h3>\t\t\t\t<\/div>\n\t\t\t\t<\/div>\n\t\t\t\t<div class=\"elementor-element elementor-element-50999ad7 elementor-widget-mobile__width-inherit elementor-widget elementor-widget-heading\" data-id=\"50999ad7\" data-element_type=\"widget\" data-e-type=\"widget\" data-widget_type=\"heading.default\">\n\t\t\t\t<div class=\"elementor-widget-container\">\n\t\t\t\t\t<h2 class=\"elementor-heading-title elementor-size-default\">Contrata tu plan a medida<\/h2>\t\t\t\t<\/div>\n\t\t\t\t<\/div>\n\t\t\t\t<div class=\"elementor-element elementor-element-21fd6c6c elementor-widget__width-initial elementor-invisible elementor-widget elementor-widget-text-editor\" data-id=\"21fd6c6c\" data-element_type=\"widget\" data-e-type=\"widget\" data-settings=\"{&quot;_animation&quot;:&quot;fadeIn&quot;}\" data-widget_type=\"text-editor.default\">\n\t\t\t\t<div class=\"elementor-widget-container\">\n\t\t\t\t\t\t\t\t\t<p><span style=\"font-weight: 400\">Te ayudamos<\/span><\/p>\t\t\t\t\t\t\t\t<\/div>\n\t\t\t\t<\/div>\n\t\t\t\t<div class=\"elementor-element elementor-element-62cd97f2 elementor-align-center elementor-mobile-align-center elementor-invisible elementor-widget elementor-widget-button\" data-id=\"62cd97f2\" data-element_type=\"widget\" data-e-type=\"widget\" data-settings=\"{&quot;_animation&quot;:&quot;fadeIn&quot;,&quot;_animation_delay&quot;:&quot;500&quot;}\" data-widget_type=\"button.default\">\n\t\t\t\t<div class=\"elementor-widget-container\">\n\t\t\t\t\t\t\t\t\t<div class=\"elementor-button-wrapper\">\n\t\t\t\t\t<a class=\"elementor-button elementor-button-link elementor-size-sm\" href=\"#\">\n\t\t\t\t\t\t<span class=\"elementor-button-content-wrapper\">\n\t\t\t\t\t\t\t\t\t<span class=\"elementor-button-text\">Llamada \/ mail <\/span>\n\t\t\t\t\t<\/span>\n\t\t\t\t\t<\/a>\n\t\t\t\t<\/div>\n\t\t\t\t\t\t\t\t<\/div>\n\t\t\t\t<\/div>\n\t\t\t\t<\/div>\n\t\t\t\t<\/div>\n\t\t\t\t<\/div>\n\t\t","protected":false},"excerpt":{"rendered":"<p>Alta Suministro Todo lo que debes saber sobre c\u00f3mo dar de alta la luz con Evaria La energ\u00eda que buscas con el asesoramiento que mereces. Contigo, paso a paso Define tu potencia Aseg\u00farate de que la potencia que contrates est\u00e9 dentro de los l\u00edmites de tu instalaci\u00f3n el\u00e9ctrica. Podemos ayudarte a determinar la adecuada. Recopila [&hellip;]<\/p>\n","protected":false},"author":3,"featured_media":0,"parent":0,"menu_order":0,"comment_status":"closed","ping_status":"closed","template":"","meta":{"footnotes":""},"class_list":["post-202","page","type-page","status-publish","hentry"],"_links":{"self":[{"href":"https:\/\/evaria.es\/negocios\/wp-json\/wp\/v2\/pages\/202","targetHints":{"allow":["GET"]}}],"collection":[{"href":"https:\/\/evaria.es\/negocios\/wp-json\/wp\/v2\/pages"}],"about":[{"href":"https:\/\/evaria.es\/negocios\/wp-json\/wp\/v2\/types\/page"}],"author":[{"embeddable":true,"href":"https:\/\/evaria.es\/negocios\/wp-json\/wp\/v2\/users\/3"}],"replies":[{"embeddable":true,"href":"https:\/\/evaria.es\/negocios\/wp-json\/wp\/v2\/comments?post=202"}],"version-history":[{"count":38,"href":"https:\/\/evaria.es\/negocios\/wp-json\/wp\/v2\/pages\/202\/revisions"}],"predecessor-version":[{"id":593,"href":"https:\/\/evaria.es\/negocios\/wp-json\/wp\/v2\/pages\/202\/revisions\/593"}],"wp:attachment":[{"href":"https:\/\/evaria.es\/negocios\/wp-json\/wp\/v2\/media?parent=202"}],"curies":[{"name":"wp","href":"https:\/\/api.w.org\/{rel}","templated":true}]}}